{"id":23,"date":"2024-03-09T23:47:52","date_gmt":"2024-03-09T23:47:52","guid":{"rendered":"http:\/\/qualian.com.br\/?page_id=23"},"modified":"2024-03-10T00:07:45","modified_gmt":"2024-03-10T00:07:45","slug":"23-2","status":"publish","type":"page","link":"http:\/\/qualian.com.br\/","title":{"rendered":""},"content":{"rendered":"\n<div class=\"wp-block-group is-layout-constrained wp-block-group-is-layout-constrained\"><div class=\"wp-block-group__inner-container\"><div class=\"wp-block-image\">\n<figure class=\"aligncenter size-full is-resized\"><img loading=\"lazy\" decoding=\"async\" width=\"189\" height=\"119\" src=\"http:\/\/qualian.com.br\/wp-content\/uploads\/2024\/03\/image.jpeg\" alt=\"O atributo alt desta imagem est\u00e1 vazio. O nome do arquivo \u00e9 logo-qualian.jpg\" class=\"wp-image-24\" style=\"width:309px;height:auto\"\/><\/figure><\/div>\n\n\n<p class=\"has-text-align-center has-small-font-size\"><strong>Treinamentos em Gest\u00e3o da Qualidade, Meio Ambiente e Seguran\u00e7a do Trabalho<\/strong><\/p>\n\n\n\n<div class=\"wp-block-group is-layout-constrained wp-block-group-is-layout-constrained\"><div class=\"wp-block-group__inner-container\">\n<p class=\"has-text-align-center has-small-font-size\"><strong>atendimento@qualian.com.br<\/strong><\/p>\n<\/div><\/div>\n\n\n\n<p class=\"has-text-align-center has-small-font-size\"><strong>Taubat\u00e9\/SP<\/strong><\/p>\n<\/div><\/div>\n","protected":false},"excerpt":{"rendered":"<p>Treinamentos em Gest\u00e3o da Qualidade, Meio Ambiente e Seguran\u00e7a do Trabalho atendimento@qualian.com.br Taubat\u00e9\/SP<\/p>\n","protected":false},"author":1,"featured_media":0,"parent":0,"menu_order":0,"comment_status":"closed","ping_status":"closed","template":"","meta":{"footnotes":""},"_links":{"self":[{"href":"http:\/\/qualian.com.br\/index.php?rest_route=\/wp\/v2\/pages\/23"}],"collection":[{"href":"http:\/\/qualian.com.br\/index.php?rest_route=\/wp\/v2\/pages"}],"about":[{"href":"http:\/\/qualian.com.br\/index.php?rest_route=\/wp\/v2\/types\/page"}],"author":[{"embeddable":true,"href":"http:\/\/qualian.com.br\/index.php?rest_route=\/wp\/v2\/users\/1"}],"replies":[{"embeddable":true,"href":"http:\/\/qualian.com.br\/index.php?rest_route=%2Fwp%2Fv2%2Fcomments&post=23"}],"version-history":[{"count":7,"href":"http:\/\/qualian.com.br\/index.php?rest_route=\/wp\/v2\/pages\/23\/revisions"}],"predecessor-version":[{"id":34,"href":"http:\/\/qualian.com.br\/index.php?rest_route=\/wp\/v2\/pages\/23\/revisions\/34"}],"wp:attachment":[{"href":"http:\/\/qualian.com.br\/index.php?rest_route=%2Fwp%2Fv2%2Fmedia&parent=23"}],"curies":[{"name":"wp","href":"https:\/\/api.w.org\/{rel}","templated":true}]}}